{"id":1074,"date":"2020-06-20T20:08:18","date_gmt":"2020-06-20T18:08:18","guid":{"rendered":"http:\/\/weebaby.ro\/index.php\/product\/import-placeholder-for-221\/"},"modified":"2024-08-07T13:59:08","modified_gmt":"2024-08-07T11:59:08","slug":"canita-cu-maner-si-cioc-din-silicon-240ml","status":"publish","type":"product","link":"https:\/\/weebaby.ro\/index.php\/product\/canita-cu-maner-si-cioc-din-silicon-240ml\/","title":{"rendered":"Canita cu maner si cioc din silicon 240ml"},"content":{"rendered":"<p>Canita 240ml cu maner si cioc din silicon potrivit pentru copii cu varsta de peste 6 luni.<br \/>\nM\u00e2nerele sunt f\u0103cute special pentru a fi \u0163inute de c\u0103tre bebelu\u015f.<\/p>\n<p>Manerul ergonomic cu suprafata anti-alunecare permite copilului sa prinda bine paharul, accesta fiind adaptat micilor maini.<\/p>\n<p>Mustiucul paharului este agreabil pentru baut si are in prelungirea lui o adancitura pentru nas, care-l ajuta pe copil sa respire usor in timp ce bea.<\/p>\n<p>Capacul este prevazut cu o supapa ce are rolul de a egaliza presiunea in timpul utilizarii si in afara de aceasta, impiedica scurgerile, infiletarea capucului garanteaza transportul in mod igienic oriunde ati fi.<\/p>\n<p>Instructiuni pentru siguranta hranirii copilului:<\/p>\n<p>Verificati canita si adaptorul din silicon inainte si dupa fiecare utilizare.<br \/>\nSterilizati canita si adaptorul din silicon prin fierbere.<br \/>\nPot fi sterilizate si in aparatul special de sterilizat.<br \/>\nPastrati canita si adaptorul din silicon curate in recipiente uscate.<br \/>\nCuratati canita si adaptorul din silicon inainte de fiecare utilizare.<br \/>\nNu expuneti canita si adaptorul din silicon in lumina directa a soarelui.<br \/>\nNu introduceti niciodata adaptorul din silicon in substante medicamentoase sau dulci, deoarece acest lucru cauzeaza carii dentare.<br \/>\nNu sterilizati canita sau adaptorul din silicon in cuptorul cu microunde.<br \/>\nTestat in siguranta &#8211; standard nr EN 14350<br \/>\nProdusul este fabricat din materiale ce nu contin Bisfenol A (conform reglementariilor UE)<\/p>\n","protected":false},"excerpt":{"rendered":"<table border=\"0\">\n<tbody>\n<tr>\n<td style=\"width: 150px;\"><img decoding=\"async\" class=\"aligncenter wp-image-144\" src=\"https:\/\/weebaby.ro\/wp-content\/uploads\/2020\/04\/safesilicon-300x300.png\" alt=\"\" width=\"50\" height=\"50\" srcset=\"https:\/\/weebaby.ro\/wp-content\/uploads\/2020\/04\/safesilicon-300x300.png 300w, https:\/\/weebaby.ro\/wp-content\/uploads\/2020\/04\/safesilicon-100x100.png 100w, https:\/\/weebaby.ro\/wp-content\/uploads\/2020\/04\/safesilicon-64x64.png 64w, https:\/\/weebaby.ro\/wp-content\/uploads\/2020\/04\/safesilicon-150x150.png 150w, https:\/\/weebaby.ro\/wp-content\/uploads\/2020\/04\/safesilicon.png 350w\" sizes=\"(max-width: 50px) 100vw, 50px\" \/><\/td>\n<td style=\"width: 150px;\"><img decoding=\"async\" class=\"wp-image-145 aligncenter\" src=\"https:\/\/weebaby.ro\/wp-content\/uploads\/2020\/04\/bpafree-300x300.png\" alt=\"\" width=\"50\" height=\"50\" srcset=\"https:\/\/weebaby.ro\/wp-content\/uploads\/2020\/04\/bpafree-300x300.png 300w, https:\/\/weebaby.ro\/wp-content\/uploads\/2020\/04\/bpafree-100x100.png 100w, https:\/\/weebaby.ro\/wp-content\/uploads\/2020\/04\/bpafree-64x64.png 64w, https:\/\/weebaby.ro\/wp-content\/uploads\/2020\/04\/bpafree-150x150.png 150w, https:\/\/weebaby.ro\/wp-content\/uploads\/2020\/04\/bpafree.png 350w\" sizes=\"(max-width: 50px) 100vw, 50px\" \/><\/td>\n<td style=\"width: 150px;\"><img decoding=\"async\" class=\"aligncenter wp-image-146\" src=\"https:\/\/weebaby.ro\/wp-content\/uploads\/2020\/04\/sterilize-edilebilir-300x300.jpg\" alt=\"\" width=\"50\" height=\"50\" srcset=\"https:\/\/weebaby.ro\/wp-content\/uploads\/2020\/04\/sterilize-edilebilir-300x300.jpg 300w, https:\/\/weebaby.ro\/wp-content\/uploads\/2020\/04\/sterilize-edilebilir-100x100.jpg 100w, https:\/\/weebaby.ro\/wp-content\/uploads\/2020\/04\/sterilize-edilebilir-64x64.jpg 64w, https:\/\/weebaby.ro\/wp-content\/uploads\/2020\/04\/sterilize-edilebilir-150x150.jpg 150w, https:\/\/weebaby.ro\/wp-content\/uploads\/2020\/04\/sterilize-edilebilir.jpg 350w\" sizes=\"(max-width: 50px) 100vw, 50px\" \/><\/td>\n<\/tr>\n<tr>\n<td style=\"text-align: center;\">Produs fabricat din materiale nontoxice<\/td>\n<td style=\"text-align: center;\">Fara BPA<\/td>\n<td style=\"text-align: center;\">Poate fi sterilizat in aparatul de sterilizat<\/td>\n<\/tr>\n<\/tbody>\n<\/table>\n","protected":false},"featured_media":1152,"comment_status":"open","ping_status":"closed","template":"","meta":{"_regular_price":[],"currency_symbol":[]},"product_cat":[27],"product_tag":[],"class_list":{"0":"post-1074","1":"product","2":"type-product","3":"status-publish","4":"has-post-thumbnail","6":"product_cat-cani-si-pahare","8":"first","9":"instock","10":"shipping-taxable","11":"product-type-simple"},"post_slider_layout_featured_media_urls":{"thumbnail":["https:\/\/weebaby.ro\/wp-content\/uploads\/2020\/06\/wee775roz-150x150.jpg",150,150,true],"post_slider_layout_landscape_large":["https:\/\/weebaby.ro\/wp-content\/uploads\/2020\/06\/wee775roz-scaled.jpg",533,800,false],"post_slider_layout_portrait_large":["https:\/\/weebaby.ro\/wp-content\/uploads\/2020\/06\/wee775roz-scaled.jpg",1200,1800,false],"post_slider_layout_square_large":["https:\/\/weebaby.ro\/wp-content\/uploads\/2020\/06\/wee775roz-scaled.jpg",800,1200,false],"post_slider_layout_landscape":["https:\/\/weebaby.ro\/wp-content\/uploads\/2020\/06\/wee775roz-scaled.jpg",267,400,false],"post_slider_layout_portrait":["https:\/\/weebaby.ro\/wp-content\/uploads\/2020\/06\/wee775roz-scaled.jpg",600,900,false],"post_slider_layout_square":["https:\/\/weebaby.ro\/wp-content\/uploads\/2020\/06\/wee775roz-scaled.jpg",400,600,false],"full":["https:\/\/weebaby.ro\/wp-content\/uploads\/2020\/06\/wee775roz-scaled.jpg",1707,2560,false]},"_links":{"self":[{"href":"https:\/\/weebaby.ro\/index.php\/wp-json\/wp\/v2\/product\/1074"}],"collection":[{"href":"https:\/\/weebaby.ro\/index.php\/wp-json\/wp\/v2\/product"}],"about":[{"href":"https:\/\/weebaby.ro\/index.php\/wp-json\/wp\/v2\/types\/product"}],"replies":[{"embeddable":true,"href":"https:\/\/weebaby.ro\/index.php\/wp-json\/wp\/v2\/comments?post=1074"}],"wp:featuredmedia":[{"embeddable":true,"href":"https:\/\/weebaby.ro\/index.php\/wp-json\/wp\/v2\/media\/1152"}],"wp:attachment":[{"href":"https:\/\/weebaby.ro\/index.php\/wp-json\/wp\/v2\/media?parent=1074"}],"wp:term":[{"taxonomy":"product_cat","embeddable":true,"href":"https:\/\/weebaby.ro\/index.php\/wp-json\/wp\/v2\/product_cat?post=1074"},{"taxonomy":"product_tag","embeddable":true,"href":"https:\/\/weebaby.ro\/index.php\/wp-json\/wp\/v2\/product_tag?post=1074"}],"curies":[{"name":"wp","href":"https:\/\/api.w.org\/{rel}","templated":true}]}}