{"id":1100,"date":"2020-06-20T20:08:40","date_gmt":"2020-06-20T18:08:40","guid":{"rendered":"http:\/\/weebaby.ro\/index.php\/product\/import-placeholder-for-226\/"},"modified":"2021-03-02T11:25:43","modified_gmt":"2021-03-02T09:25:43","slug":"suzeta-silicon-ortodontica-nr-2-2","status":"publish","type":"product","link":"https:\/\/weebaby.ro\/index.php\/product\/suzeta-silicon-ortodontica-nr-2-2\/","title":{"rendered":"Suzeta silicon ortodontica nr 2"},"content":{"rendered":"<p>Suzeta ortodontica din silicon transparent, marimea 2, potrivit pentru copii cu varsta cuprinsa intre 6 si 18 luni.<br \/>\nFosforescen\u0163a ajut\u0103 la g\u0103sirea acestora \u00een \u00eentuneric f\u0103r\u0103 a porni lumina.<br \/>\nInstructiuni de utilizare:<br \/>\nVerificati suzeta inainte si dupa fiecare utilizare.<br \/>\nSterilizati suzeta prin fierbere.<br \/>\nPoate fi sterilizata si in aparatul special de sterilizat.<br \/>\nPastrati suzeta curata in recipiente uscate.<\/p>\n<p>Atentionari: Pentru sanatatea si siguranta copilului dumnavoastra:<br \/>\nNu atasati niciodata un cordon sau panglica la suzeta, deoarece acestea pot strangula copilul; Curatati suzeta inainte de fiecare utilizare.<br \/>\nNu expuneti suzeta in lumina directa a soarelui.<br \/>\nNu introduceti niciodata suzeta in substante medicamentoase sau dulci, deoarece acest lucru cauzeaza carii dentare.<br \/>\nNu sterilizati suzeta in cuptorul cu microunde.<br \/>\nSuzeta a fost prevazuta cu un orificiu prin care sa intre aer si permite aerului sa circule in interiorul suzetei.<\/p>\n","protected":false},"excerpt":{"rendered":"<table border=\"0\">\n<tbody>\n<tr>\n<td style=\"width: 150px;\"><img decoding=\"async\" class=\"aligncenter wp-image-144\" src=\"https:\/\/weebaby.ro\/wp-content\/uploads\/2020\/04\/safesilicon-300x300.png\" alt=\"\" width=\"50\" height=\"50\" srcset=\"https:\/\/weebaby.ro\/wp-content\/uploads\/2020\/04\/safesilicon-300x300.png 300w, https:\/\/weebaby.ro\/wp-content\/uploads\/2020\/04\/safesilicon-100x100.png 100w, https:\/\/weebaby.ro\/wp-content\/uploads\/2020\/04\/safesilicon-64x64.png 64w, https:\/\/weebaby.ro\/wp-content\/uploads\/2020\/04\/safesilicon-150x150.png 150w, https:\/\/weebaby.ro\/wp-content\/uploads\/2020\/04\/safesilicon.png 350w\" sizes=\"(max-width: 50px) 100vw, 50px\" \/><\/td>\n<td style=\"width: 150px;\"><img decoding=\"async\" class=\"wp-image-145 aligncenter\" src=\"https:\/\/weebaby.ro\/wp-content\/uploads\/2020\/04\/bpafree-300x300.png\" alt=\"\" width=\"50\" height=\"50\" srcset=\"https:\/\/weebaby.ro\/wp-content\/uploads\/2020\/04\/bpafree-300x300.png 300w, https:\/\/weebaby.ro\/wp-content\/uploads\/2020\/04\/bpafree-100x100.png 100w, https:\/\/weebaby.ro\/wp-content\/uploads\/2020\/04\/bpafree-64x64.png 64w, https:\/\/weebaby.ro\/wp-content\/uploads\/2020\/04\/bpafree-150x150.png 150w, https:\/\/weebaby.ro\/wp-content\/uploads\/2020\/04\/bpafree.png 350w\" sizes=\"(max-width: 50px) 100vw, 50px\" \/><\/td>\n<td style=\"width: 150px;\"><img decoding=\"async\" class=\"aligncenter wp-image-146\" src=\"https:\/\/weebaby.ro\/wp-content\/uploads\/2020\/04\/sterilize-edilebilir-300x300.jpg\" alt=\"\" width=\"50\" height=\"50\" srcset=\"https:\/\/weebaby.ro\/wp-content\/uploads\/2020\/04\/sterilize-edilebilir-300x300.jpg 300w, https:\/\/weebaby.ro\/wp-content\/uploads\/2020\/04\/sterilize-edilebilir-100x100.jpg 100w, https:\/\/weebaby.ro\/wp-content\/uploads\/2020\/04\/sterilize-edilebilir-64x64.jpg 64w, https:\/\/weebaby.ro\/wp-content\/uploads\/2020\/04\/sterilize-edilebilir-150x150.jpg 150w, https:\/\/weebaby.ro\/wp-content\/uploads\/2020\/04\/sterilize-edilebilir.jpg 350w\" sizes=\"(max-width: 50px) 100vw, 50px\" \/><\/td>\n<\/tr>\n<tr>\n<td style=\"text-align: center;\">Produs fabricat din materiale nontoxice<\/td>\n<td style=\"text-align: center;\">Fara BPA<\/td>\n<td style=\"text-align: center;\">Poate fi sterilizat in aparatul de sterilizat<\/td>\n<\/tr>\n<\/tbody>\n<\/table>\n","protected":false},"featured_media":1169,"comment_status":"open","ping_status":"closed","template":"","meta":{"_regular_price":[],"currency_symbol":[]},"product_cat":[22],"product_tag":[],"class_list":{"0":"post-1100","1":"product","2":"type-product","3":"status-publish","4":"has-post-thumbnail","6":"product_cat-suzete-ortodontice","8":"first","9":"instock","10":"shipping-taxable","11":"product-type-simple"},"post_slider_layout_featured_media_urls":{"thumbnail":["https:\/\/weebaby.ro\/wp-content\/uploads\/2020\/06\/wee784-150x150.jpg",150,150,true],"post_slider_layout_landscape_large":["https:\/\/weebaby.ro\/wp-content\/uploads\/2020\/06\/wee784.jpg",800,800,false],"post_slider_layout_portrait_large":["https:\/\/weebaby.ro\/wp-content\/uploads\/2020\/06\/wee784.jpg",950,950,false],"post_slider_layout_square_large":["https:\/\/weebaby.ro\/wp-content\/uploads\/2020\/06\/wee784.jpg",950,950,false],"post_slider_layout_landscape":["https:\/\/weebaby.ro\/wp-content\/uploads\/2020\/06\/wee784.jpg",400,400,false],"post_slider_layout_portrait":["https:\/\/weebaby.ro\/wp-content\/uploads\/2020\/06\/wee784.jpg",600,600,false],"post_slider_layout_square":["https:\/\/weebaby.ro\/wp-content\/uploads\/2020\/06\/wee784.jpg",600,600,false],"full":["https:\/\/weebaby.ro\/wp-content\/uploads\/2020\/06\/wee784.jpg",950,950,false]},"_links":{"self":[{"href":"https:\/\/weebaby.ro\/index.php\/wp-json\/wp\/v2\/product\/1100"}],"collection":[{"href":"https:\/\/weebaby.ro\/index.php\/wp-json\/wp\/v2\/product"}],"about":[{"href":"https:\/\/weebaby.ro\/index.php\/wp-json\/wp\/v2\/types\/product"}],"replies":[{"embeddable":true,"href":"https:\/\/weebaby.ro\/index.php\/wp-json\/wp\/v2\/comments?post=1100"}],"wp:featuredmedia":[{"embeddable":true,"href":"https:\/\/weebaby.ro\/index.php\/wp-json\/wp\/v2\/media\/1169"}],"wp:attachment":[{"href":"https:\/\/weebaby.ro\/index.php\/wp-json\/wp\/v2\/media?parent=1100"}],"wp:term":[{"taxonomy":"product_cat","embeddable":true,"href":"https:\/\/weebaby.ro\/index.php\/wp-json\/wp\/v2\/product_cat?post=1100"},{"taxonomy":"product_tag","embeddable":true,"href":"https:\/\/weebaby.ro\/index.php\/wp-json\/wp\/v2\/product_tag?post=1100"}],"curies":[{"name":"wp","href":"https:\/\/api.w.org\/{rel}","templated":true}]}}