{"id":1179,"date":"2020-06-20T20:09:49","date_gmt":"2020-06-20T18:09:49","guid":{"rendered":"http:\/\/weebaby.ro\/index.php\/product\/import-placeholder-for-255\/"},"modified":"2021-03-02T10:05:44","modified_gmt":"2021-03-02T08:05:44","slug":"biberon-din-sticla-cu-tetina-silicon-rotunda-250ml","status":"publish","type":"product","link":"https:\/\/weebaby.ro\/index.php\/product\/biberon-din-sticla-cu-tetina-silicon-rotunda-250ml\/","title":{"rendered":"Biberon din sticla cu tetina silicon rotunda 250ml"},"content":{"rendered":"<p>Biberon din sticla 250 ml cu desene si tetina din silicon forma rotunda, marimea 1, potrivit pentru copii cu varsta pana la 6 luni.<br \/>\nFabricat din sticl\u0103 natural\u0103 din var de sod\u0103.<\/p>\n<p>Instructiuni pentru siguranta hranirii copilului:<br \/>\nVerificati biberonul si tetina inainte si dupa fiecare utilizare. Sterilizati biberonul si tetina prin fierbere. Pot fi sterilizate si in aparatul special de sterilizat.<br \/>\nPastrati biberonul si tetina curate in recipiente uscate.<br \/>\nCuratati biberonul si tetina inainte de fiecare utilizare.<br \/>\nNu expuneti biberonul si tetina in lumina directa a soarelui.<br \/>\nNu introduceti niciodata tetina in substante medicamentoase sau dulci, deoarece acest lucru cauzeaza carii dentare.<br \/>\nNu sterilizati biberonul sau tetina in cuptorul cu microunde.<br \/>\nTestat in siguranta &#8211; standard nr EN 14350<\/p>\n","protected":false},"excerpt":{"rendered":"<table border=\"0\">\n<tbody>\n<tr>\n<td style=\"width: 150px;\"><img decoding=\"async\" class=\"aligncenter wp-image-144\" src=\"https:\/\/weebaby.ro\/wp-content\/uploads\/2020\/04\/safesilicon-300x300.png\" alt=\"\" width=\"50\" height=\"50\" srcset=\"https:\/\/weebaby.ro\/wp-content\/uploads\/2020\/04\/safesilicon-300x300.png 300w, https:\/\/weebaby.ro\/wp-content\/uploads\/2020\/04\/safesilicon-100x100.png 100w, https:\/\/weebaby.ro\/wp-content\/uploads\/2020\/04\/safesilicon-64x64.png 64w, https:\/\/weebaby.ro\/wp-content\/uploads\/2020\/04\/safesilicon-150x150.png 150w, https:\/\/weebaby.ro\/wp-content\/uploads\/2020\/04\/safesilicon.png 350w\" sizes=\"(max-width: 50px) 100vw, 50px\" \/><\/td>\n<td style=\"width: 150px;\"><img decoding=\"async\" class=\"wp-image-145 aligncenter\" src=\"https:\/\/weebaby.ro\/wp-content\/uploads\/2020\/04\/bpafree-300x300.png\" alt=\"\" width=\"50\" height=\"50\" srcset=\"https:\/\/weebaby.ro\/wp-content\/uploads\/2020\/04\/bpafree-300x300.png 300w, https:\/\/weebaby.ro\/wp-content\/uploads\/2020\/04\/bpafree-100x100.png 100w, https:\/\/weebaby.ro\/wp-content\/uploads\/2020\/04\/bpafree-64x64.png 64w, https:\/\/weebaby.ro\/wp-content\/uploads\/2020\/04\/bpafree-150x150.png 150w, https:\/\/weebaby.ro\/wp-content\/uploads\/2020\/04\/bpafree.png 350w\" sizes=\"(max-width: 50px) 100vw, 50px\" \/><\/td>\n<td style=\"width: 150px;\"><img decoding=\"async\" class=\"aligncenter wp-image-146\" src=\"https:\/\/weebaby.ro\/wp-content\/uploads\/2020\/04\/sterilize-edilebilir-300x300.jpg\" alt=\"\" width=\"50\" height=\"50\" srcset=\"https:\/\/weebaby.ro\/wp-content\/uploads\/2020\/04\/sterilize-edilebilir-300x300.jpg 300w, https:\/\/weebaby.ro\/wp-content\/uploads\/2020\/04\/sterilize-edilebilir-100x100.jpg 100w, https:\/\/weebaby.ro\/wp-content\/uploads\/2020\/04\/sterilize-edilebilir-64x64.jpg 64w, https:\/\/weebaby.ro\/wp-content\/uploads\/2020\/04\/sterilize-edilebilir-150x150.jpg 150w, https:\/\/weebaby.ro\/wp-content\/uploads\/2020\/04\/sterilize-edilebilir.jpg 350w\" sizes=\"(max-width: 50px) 100vw, 50px\" \/><\/td>\n<\/tr>\n<tr>\n<td style=\"text-align: center;\">Produs fabricat din materiale nontoxice<\/td>\n<td style=\"text-align: center;\">Fara BPA<\/td>\n<td style=\"text-align: center;\">Poate fi sterilizat in aparatul de sterilizat<\/td>\n<\/tr>\n<\/tbody>\n<\/table>\n","protected":false},"featured_media":1263,"comment_status":"open","ping_status":"closed","template":"","meta":{"_regular_price":[],"currency_symbol":[]},"product_cat":[26],"product_tag":[],"class_list":{"0":"post-1179","1":"product","2":"type-product","3":"status-publish","4":"has-post-thumbnail","6":"product_cat-biberoane","8":"first","9":"instock","10":"shipping-taxable","11":"product-type-simple"},"post_slider_layout_featured_media_urls":{"thumbnail":["https:\/\/weebaby.ro\/wp-content\/uploads\/2020\/06\/wee876roz-150x150.jpg",150,150,true],"post_slider_layout_landscape_large":["https:\/\/weebaby.ro\/wp-content\/uploads\/2020\/06\/wee876roz.jpg",600,600,false],"post_slider_layout_portrait_large":["https:\/\/weebaby.ro\/wp-content\/uploads\/2020\/06\/wee876roz.jpg",600,600,false],"post_slider_layout_square_large":["https:\/\/weebaby.ro\/wp-content\/uploads\/2020\/06\/wee876roz.jpg",600,600,false],"post_slider_layout_landscape":["https:\/\/weebaby.ro\/wp-content\/uploads\/2020\/06\/wee876roz.jpg",400,400,false],"post_slider_layout_portrait":["https:\/\/weebaby.ro\/wp-content\/uploads\/2020\/06\/wee876roz.jpg",600,600,false],"post_slider_layout_square":["https:\/\/weebaby.ro\/wp-content\/uploads\/2020\/06\/wee876roz.jpg",600,600,false],"full":["https:\/\/weebaby.ro\/wp-content\/uploads\/2020\/06\/wee876roz.jpg",600,600,false]},"_links":{"self":[{"href":"https:\/\/weebaby.ro\/index.php\/wp-json\/wp\/v2\/product\/1179"}],"collection":[{"href":"https:\/\/weebaby.ro\/index.php\/wp-json\/wp\/v2\/product"}],"about":[{"href":"https:\/\/weebaby.ro\/index.php\/wp-json\/wp\/v2\/types\/product"}],"replies":[{"embeddable":true,"href":"https:\/\/weebaby.ro\/index.php\/wp-json\/wp\/v2\/comments?post=1179"}],"wp:featuredmedia":[{"embeddable":true,"href":"https:\/\/weebaby.ro\/index.php\/wp-json\/wp\/v2\/media\/1263"}],"wp:attachment":[{"href":"https:\/\/weebaby.ro\/index.php\/wp-json\/wp\/v2\/media?parent=1179"}],"wp:term":[{"taxonomy":"product_cat","embeddable":true,"href":"https:\/\/weebaby.ro\/index.php\/wp-json\/wp\/v2\/product_cat?post=1179"},{"taxonomy":"product_tag","embeddable":true,"href":"https:\/\/weebaby.ro\/index.php\/wp-json\/wp\/v2\/product_tag?post=1179"}],"curies":[{"name":"wp","href":"https:\/\/api.w.org\/{rel}","templated":true}]}}