{"id":966,"date":"2020-06-20T20:07:33","date_gmt":"2020-06-20T18:07:33","guid":{"rendered":"http:\/\/weebaby.ro\/index.php\/product\/import-placeholder-for-174\/"},"modified":"2026-02-04T14:43:05","modified_gmt":"2026-02-04T12:43:05","slug":"termometru-non-contact-profesional","status":"publish","type":"product","link":"https:\/\/weebaby.ro\/index.php\/product\/termometru-non-contact-profesional\/","title":{"rendered":"Termometru non-contact profesional"},"content":{"rendered":"<p>Deoarece unele boli care se manifest\u0103 cu febr\u0103 pot pune via\u021ba bebelu\u0219ului \u00een pericol, este important s\u0103 se poat\u0103 m\u0103sura cu precizie temperatura copilului, astfel termometrele digitale care m\u0103soar\u0103 rapid temperatura, sunt o alegere ideal\u0103.<br \/>\nTermometrul digital non-contact Wee Baby este u\u0219or de utilizat, extrem de precis datorit\u0103 tehnologiei japoneze folosite \u0219i nu v\u0103 va deranja copilul atunci c\u00e2nd i se verific\u0103 temperatura.<br \/>\nAcest termometrul m\u0103soara temperatura de la o distan\u021b\u0103 de 3-5cm de corp \u0219i poate stoca ultimele 32 de test\u0103ri, astfel \u00eenc\u00e2t s\u0103 pute\u021bi monitoriza temperatura bebelu\u0219ului cu aten\u021bie.<\/p>\n<p>Mod de m\u0103surare a temperaturii non-contact.<br \/>\nM\u0103surare rapid\u0103 \u015fi sigur\u0103 \u00een doar 1 secund\u0103.<br \/>\nDisplay digital cu fundale de 3 culori diferite<br \/>\nMod silen\u0163ios pentru copii care dorm.<br \/>\nPoate masura temperetaura corpului de pe frunte de la o distanta de 3-5 cm.<br \/>\nSistemul de detectare ofera masuratori stabile.<br \/>\nAlarma sonora pentru temperature peste 39 C.<br \/>\nStocheaza ultimele 32 masurari.<br \/>\nOprire automata pentru economisirea energiei.<br \/>\nDispozitivul vine cu o carcasa de protectie pentru a se putea transporta si pastra cu usurinta.<br \/>\nAcurate\u0163e dovedit\u0103 clininc. Potrivit pentru a fi folosit de c\u0103tre cadre medicale.<\/p>\n","protected":false},"excerpt":{"rendered":"<p>Deoarece unele boli care se manifest\u0103 cu febr\u0103 pot pune via\u021ba bebelu\u0219ului \u00een pericol, este important s\u0103 se poat\u0103 m\u0103sura cu precizie temperatura copilului, astfel termometrele digitale care m\u0103soar\u0103 rapid temperatura, sunt o alegere ideal\u0103. Termometrul digital non-contact Wee Baby este u\u0219or de utilizat, extrem de precis datorit\u0103 tehnologiei japoneze folosite \u0219i nu v\u0103 va [&hellip;]<\/p>\n","protected":false},"featured_media":1006,"comment_status":"open","ping_status":"closed","template":"","meta":{"_regular_price":[],"currency_symbol":[]},"product_cat":[29],"product_tag":[],"class_list":{"0":"post-966","1":"product","2":"type-product","3":"status-publish","4":"has-post-thumbnail","6":"product_cat-ingrijire","8":"first","9":"instock","10":"shipping-taxable","11":"product-type-simple"},"post_slider_layout_featured_media_urls":{"thumbnail":["https:\/\/weebaby.ro\/wp-content\/uploads\/2020\/06\/wee131-150x150.jpg",150,150,true],"post_slider_layout_landscape_large":["https:\/\/weebaby.ro\/wp-content\/uploads\/2020\/06\/wee131.jpg",800,800,false],"post_slider_layout_portrait_large":["https:\/\/weebaby.ro\/wp-content\/uploads\/2020\/06\/wee131.jpg",800,800,false],"post_slider_layout_square_large":["https:\/\/weebaby.ro\/wp-content\/uploads\/2020\/06\/wee131.jpg",800,800,false],"post_slider_layout_landscape":["https:\/\/weebaby.ro\/wp-content\/uploads\/2020\/06\/wee131.jpg",400,400,false],"post_slider_layout_portrait":["https:\/\/weebaby.ro\/wp-content\/uploads\/2020\/06\/wee131.jpg",600,600,false],"post_slider_layout_square":["https:\/\/weebaby.ro\/wp-content\/uploads\/2020\/06\/wee131.jpg",600,600,false],"full":["https:\/\/weebaby.ro\/wp-content\/uploads\/2020\/06\/wee131.jpg",800,800,false]},"_links":{"self":[{"href":"https:\/\/weebaby.ro\/index.php\/wp-json\/wp\/v2\/product\/966"}],"collection":[{"href":"https:\/\/weebaby.ro\/index.php\/wp-json\/wp\/v2\/product"}],"about":[{"href":"https:\/\/weebaby.ro\/index.php\/wp-json\/wp\/v2\/types\/product"}],"replies":[{"embeddable":true,"href":"https:\/\/weebaby.ro\/index.php\/wp-json\/wp\/v2\/comments?post=966"}],"wp:featuredmedia":[{"embeddable":true,"href":"https:\/\/weebaby.ro\/index.php\/wp-json\/wp\/v2\/media\/1006"}],"wp:attachment":[{"href":"https:\/\/weebaby.ro\/index.php\/wp-json\/wp\/v2\/media?parent=966"}],"wp:term":[{"taxonomy":"product_cat","embeddable":true,"href":"https:\/\/weebaby.ro\/index.php\/wp-json\/wp\/v2\/product_cat?post=966"},{"taxonomy":"product_tag","embeddable":true,"href":"https:\/\/weebaby.ro\/index.php\/wp-json\/wp\/v2\/product_tag?post=966"}],"curies":[{"name":"wp","href":"https:\/\/api.w.org\/{rel}","templated":true}]}}